{"id":28884,"date":"2023-03-22T22:31:50","date_gmt":"2023-03-22T21:31:50","guid":{"rendered":"https:\/\/mdsherpa.ch\/?page_id=28884"},"modified":"2026-03-16T17:06:55","modified_gmt":"2026-03-16T16:06:55","slug":"prestations-marketing-en-ligne","status":"publish","type":"page","link":"https:\/\/mdsherpa.ch\/en\/prestations-marketing-en-ligne\/","title":{"rendered":"Services"},"content":{"rendered":"<div class=\"wp-block-uagb-container uagb-block-383652d2 alignfull uagb-is-root-container\"><div class=\"uagb-container-inner-blocks-wrap\">\n<div class=\"wp-block-uagb-container uagb-block-71b8f0f7 alignfull uagb-is-root-container\"><div class=\"uagb-container-inner-blocks-wrap\">\n<div class=\"wp-block-uagb-advanced-heading uagb-block-e50b8d9f\"><h1 class=\"uagb-heading-text translation-block\"><mark class=\"has-inline-color has-accent-1-color\">Boost your visibility<\/mark> online<br>with our Google Ads services<\/h1><\/div>\n\n\n\n<div class=\"wp-block-uagb-advanced-heading uagb-block-4e517bf9\"><p class=\"uagb-heading-text\">We can publish your ads in: <mark style=\"background-color:rgba(0, 0, 0, 0)\" class=\"has-inline-color has-accent-1-color\">FR \/ DE \/ IT \/ EN \/&#8230;<\/mark><\/p><\/div>\n\n\n\n<div class=\"wp-block-uagb-advanced-heading uagb-block-770f1844\"><p class=\"uagb-heading-text\">First meeting <mark style=\"background-color:rgba(0, 0, 0, 0)\" class=\"has-inline-color has-accent-1-color\">free of charge and non-binding<\/mark><\/p><\/div>\n<\/div><\/div>\n\n\n\n<div class=\"wp-block-uagb-container offer uagb-block-4290348b alignfull uagb-is-root-container\"><div class=\"uagb-container-inner-blocks-wrap\">\n<div class=\"wp-block-uagb-advanced-heading uagb-block-793cf8e7\"><p class=\"uagb-heading-text\">1st month<\/p><\/div>\n\n\n\n<div class=\"wp-block-uagb-container uag-blocks-common-selector uagb-block-c48324e0 alignfull uagb-is-root-container\"><div class=\"uagb-container-inner-blocks-wrap\">\n<div class=\"wp-block-uagb-container uagb-block-ac0638d7\">\n<div class=\"wp-block-uagb-advanced-heading uagb-block-56088f0e\"><h2 class=\"uagb-heading-text\">Cr\u00e9ation Compte Google Ads <\/h2><\/div>\n\n\n\n<div class=\"wp-block-uagb-advanced-heading uagb-block-751f5707\"><h2 class=\"uagb-heading-text\">+ Cr\u00e9ation Campagne(s)*<\/h2><\/div>\n<\/div>\n<\/div><\/div>\n\n\n\n<div class=\"wp-block-uagb-container uag-blocks-common-selector uagb-block-8cb437f4\">\n<div class=\"wp-block-uagb-advanced-heading uagb-block-baec39a6\"><p class=\"uagb-heading-text\">Included in each service Creation :&nbsp;<\/p><\/div>\n\n\n\n<div class=\"wp-block-uagb-icon-list uagb-block-8c356e83\"><div class=\"uagb-icon-list__wrap\">\n<div class=\"wp-block-uagb-icon-list-child uagb-block-cb87574e\"><span class=\"uagb-icon-list__source-wrap\"><svg xmlns=\"https:\/\/www.w3.org\/2000\/svg\" viewbox=\"0 0 448 512\"><path d=\"M438.6 105.4C451.1 117.9 451.1 138.1 438.6 150.6L182.6 406.6C170.1 419.1 149.9 419.1 137.4 406.6L9.372 278.6C-3.124 266.1-3.124 245.9 9.372 233.4C21.87 220.9 42.13 220.9 54.63 233.4L159.1 338.7L393.4 105.4C405.9 92.88 426.1 92.88 438.6 105.4H438.6z\"><\/path><\/svg><\/span><span class=\"uagb-icon-list__label\">Feasibility analysis, goal setting, strategy implementation, website and market assessment<\/span><\/div>\n\n\n\n<div class=\"wp-block-uagb-icon-list-child uagb-block-e7105de2\"><span class=\"uagb-icon-list__source-wrap\"><svg xmlns=\"https:\/\/www.w3.org\/2000\/svg\" viewbox=\"0 0 448 512\"><path d=\"M438.6 105.4C451.1 117.9 451.1 138.1 438.6 150.6L182.6 406.6C170.1 419.1 149.9 419.1 137.4 406.6L9.372 278.6C-3.124 266.1-3.124 245.9 9.372 233.4C21.87 220.9 42.13 220.9 54.63 233.4L159.1 338.7L393.4 105.4C405.9 92.88 426.1 92.88 438.6 105.4H438.6z\"><\/path><\/svg><\/span><span class=\"uagb-icon-list__label\">Opening and installation of the Google Ads account. Realization of the administrative steps<\/span><\/div>\n\n\n\n<div class=\"wp-block-uagb-icon-list-child uagb-block-3ca542b7\"><span class=\"uagb-icon-list__source-wrap\"><svg xmlns=\"https:\/\/www.w3.org\/2000\/svg\" viewbox=\"0 0 448 512\"><path d=\"M438.6 105.4C451.1 117.9 451.1 138.1 438.6 150.6L182.6 406.6C170.1 419.1 149.9 419.1 137.4 406.6L9.372 278.6C-3.124 266.1-3.124 245.9 9.372 233.4C21.87 220.9 42.13 220.9 54.63 233.4L159.1 338.7L393.4 105.4C405.9 92.88 426.1 92.88 438.6 105.4H438.6z\"><\/path><\/svg><\/span><span class=\"uagb-icon-list__label\">Creation of campaigns <em>(Search | Display | Performance Max | Video | DemandGen | Shopping)<\/em><\/span><\/div>\n\n\n\n<div class=\"wp-block-uagb-icon-list-child uagb-block-c9836b52\"><span class=\"uagb-icon-list__source-wrap\"><svg xmlns=\"https:\/\/www.w3.org\/2000\/svg\" viewbox=\"0 0 448 512\"><path d=\"M438.6 105.4C451.1 117.9 451.1 138.1 438.6 150.6L182.6 406.6C170.1 419.1 149.9 419.1 137.4 406.6L9.372 278.6C-3.124 266.1-3.124 245.9 9.372 233.4C21.87 220.9 42.13 220.9 54.63 233.4L159.1 338.7L393.4 105.4C405.9 92.88 426.1 92.88 438.6 105.4H438.6z\"><\/path><\/svg><\/span><span class=\"uagb-icon-list__label\">Complete management of the account and campaigns:<br>\u30fb Campaign follow-up<br>\u30fb<br>\u30fb Adaptations of advertising texts, keywords, images, links, callouts, etc.<br>\u30fb Tracking of Google Ads expenses <em>(total costs and costs per click)<\/em><\/span><\/div>\n\n\n\n<div class=\"wp-block-uagb-icon-list-child uagb-block-33cb1ef7\"><span class=\"uagb-icon-list__source-wrap\"><svg xmlns=\"https:\/\/www.w3.org\/2000\/svg\" viewbox=\"0 0 448 512\"><path d=\"M438.6 105.4C451.1 117.9 451.1 138.1 438.6 150.6L182.6 406.6C170.1 419.1 149.9 419.1 137.4 406.6L9.372 278.6C-3.124 266.1-3.124 245.9 9.372 233.4C21.87 220.9 42.13 220.9 54.63 233.4L159.1 338.7L393.4 105.4C405.9 92.88 426.1 92.88 438.6 105.4H438.6z\"><\/path><\/svg><\/span><span class=\"uagb-icon-list__label\">Regular reports and exchanges<\/span><\/div>\n<\/div><\/div>\n\n\n\n<div class=\"wp-block-uagb-buttons uagb-buttons__outer-wrap uagb-btn__default-btn uagb-btn-tablet__default-btn uagb-btn-mobile__default-btn uagb-block-41c94f65\"><div class=\"uagb-buttons__wrap uagb-buttons-layout-wrap\">\n<div class=\"wp-block-uagb-buttons-child uagb-buttons__outer-wrap uagb-block-2aee9630 wp-block-button presta-offer-cta\"><div class=\"uagb-button__wrapper\"><a class=\"uagb-buttons-repeater wp-block-button__link\" aria-label=\"\" href=\"https:\/\/api.leadconnectorhq.com\/widget\/booking\/RfBEgc9o09zcxByl1d6Q\" rel=\"follow noopener\" target=\"_blank\" role=\"button\"><div class=\"uagb-button__link\">Start my Google Ads<\/div><\/a><\/div><\/div>\n<\/div><\/div>\n<\/div>\n\n\n\n<div class=\"wp-block-uagb-container uagb-block-75941a8e\">\n<div class=\"wp-block-uagb-advanced-heading uagb-block-4028b805\"><p class=\"uagb-heading-text\">* A campaign is composed of advertisements for 1 product\/service, for 1 geographical region and for 1 language. Example with 4 campaigns: a bicycle salesman with a store in Lausanne wants to :<br><br>\n\n- an advertisement in French for its \"city\" electric bicycle, for customers living in Switzerland.<br>\n- an advertisement in French for its \"mountain\" electric bike, for customers living in Switzerland.<br>\n- an advertisement in French for its entire store, for customers who live in Vaud.<br>\n- an advertisement in German for its \"mountain\" electric bike, for customers living in Switzerland.<br><br>\u2013 une annonce publicitaire en fran\u00e7ais pour son v\u00e9lo \u00e9lectrique \u00ab&nbsp;ville&nbsp;\u00bb, pour les clients qui habitent en Suisse.<br>\u2013 une annonce publicitaire en fran\u00e7ais pour son v\u00e9lo \u00e9lectrique \u00ab&nbsp;montagne&nbsp;\u00bb, pour les clients qui habitent en Suisse.<br>\u2013 une annonce publicitaire en fran\u00e7ais pour son magasin dans son ensemble, pour les clients qui habitent sur Vaud.<br>\u2013 une annonce publicitaire en allemand pour son v\u00e9lo \u00e9lectrique \u00ab&nbsp;montagne&nbsp;\u00bb, pour les clients qui habitent en Suisse.<\/p><\/div>\n<\/div>\n<\/div><\/div>\n\n\n\n<div class=\"wp-block-uagb-container offer uagb-block-f21d66f0 alignfull uagb-is-root-container\"><div class=\"uagb-container-inner-blocks-wrap\">\n<div class=\"wp-block-uagb-advanced-heading uagb-block-6482eabc\"><p class=\"uagb-heading-text\">Option from 2nd month<\/p><\/div>\n\n\n\n<div class=\"wp-block-uagb-container uag-blocks-common-selector uagb-block-fe438e93 alignfull uagb-is-root-container\"><div class=\"uagb-container-inner-blocks-wrap\">\n<div class=\"wp-block-uagb-container uagb-block-ffdb66d5\">\n<div class=\"wp-block-uagb-advanced-heading uagb-block-841ae545\"><h2 class=\"uagb-heading-text\">Suivi Compte Google Ads<\/h2><\/div>\n\n\n\n<div class=\"wp-block-uagb-advanced-heading uagb-block-79914fda\"><h2 class=\"uagb-heading-text\">+ suivi Campagne(s)<\/h2><\/div>\n<\/div>\n<\/div><\/div>\n\n\n\n<div class=\"wp-block-uagb-container uag-blocks-common-selector uagb-block-d4215d21\">\n<div class=\"wp-block-uagb-advanced-heading uagb-block-23bba40e\"><p class=\"uagb-heading-text\">Included in each service from the 2nd month:<\/p><\/div>\n\n\n\n<div class=\"wp-block-uagb-icon-list uagb-block-c10b84ec\"><div class=\"uagb-icon-list__wrap\">\n<div class=\"wp-block-uagb-icon-list-child uagb-block-2d1aa05e\"><span class=\"uagb-icon-list__source-wrap\"><svg xmlns=\"https:\/\/www.w3.org\/2000\/svg\" viewbox=\"0 0 448 512\"><path d=\"M438.6 105.4C451.1 117.9 451.1 138.1 438.6 150.6L182.6 406.6C170.1 419.1 149.9 419.1 137.4 406.6L9.372 278.6C-3.124 266.1-3.124 245.9 9.372 233.4C21.87 220.9 42.13 220.9 54.63 233.4L159.1 338.7L393.4 105.4C405.9 92.88 426.1 92.88 438.6 105.4H438.6z\"><\/path><\/svg><\/span><span class=\"uagb-icon-list__label\">Complete management of the account and campaigns:<br>\u30fb Campaign follow-up<br>\u30fb<br>\u30fb Adaptations of advertising texts, keywords, images, links, callouts, etc.<br>\u30fb Tracking of Google Ads expenses (total costs and costs per click)<\/span><\/div>\n<\/div><\/div>\n<\/div>\n<\/div><\/div>\n\n\n\n<div class=\"wp-block-uagb-container offer uagb-block-107541d5 alignfull uagb-is-root-container\"><div class=\"uagb-container-inner-blocks-wrap\">\n<div class=\"wp-block-uagb-advanced-heading uagb-block-6e73abb5\"><p class=\"uagb-heading-text\">Other services<\/p><\/div>\n\n\n\n<div class=\"wp-block-uagb-container uag-blocks-common-selector uagb-block-bf5c0607 alignfull uagb-is-root-container\"><div class=\"uagb-container-inner-blocks-wrap\">\n<div class=\"wp-block-uagb-container uagb-block-3f261e04\">\n<div class=\"wp-block-uagb-container uag-blocks-common-selector uagb-block-ebc96f13\">\n<div class=\"wp-block-uagb-advanced-heading uagb-block-b9f8c4ce\"><h2 class=\"uagb-heading-text\">SEO analysis of your website<\/h2><\/div>\n\n\n\n<div class=\"wp-block-uagb-advanced-heading uagb-block-a539361d\"><p class=\"uagb-heading-text\">(so-called \"natural\" or \"organic\" referencing)<\/p><\/div>\n<\/div>\n\n\n\n<div class=\"wp-block-uagb-container uag-blocks-common-selector uagb-block-feb075ba\">\n<div class=\"wp-block-uagb-icon-list uagb-block-25bc69a2\"><div class=\"uagb-icon-list__wrap\">\n<div class=\"wp-block-uagb-icon-list-child uagb-block-ccc2cb3d\"><span class=\"uagb-icon-list__source-wrap\"><svg xmlns=\"https:\/\/www.w3.org\/2000\/svg\" viewbox=\"0 0 448 512\"><path d=\"M438.6 105.4C451.1 117.9 451.1 138.1 438.6 150.6L182.6 406.6C170.1 419.1 149.9 419.1 137.4 406.6L9.372 278.6C-3.124 266.1-3.124 245.9 9.372 233.4C21.87 220.9 42.13 220.9 54.63 233.4L159.1 338.7L393.4 105.4C405.9 92.88 426.1 92.88 438.6 105.4H438.6z\"><\/path><\/svg><\/span><span class=\"uagb-icon-list__label\">Full website audit<\/span><\/div>\n\n\n\n<div class=\"wp-block-uagb-icon-list-child uagb-block-7a2a78e9\"><span class=\"uagb-icon-list__source-wrap\"><svg xmlns=\"https:\/\/www.w3.org\/2000\/svg\" viewbox=\"0 0 448 512\"><path d=\"M438.6 105.4C451.1 117.9 451.1 138.1 438.6 150.6L182.6 406.6C170.1 419.1 149.9 419.1 137.4 406.6L9.372 278.6C-3.124 266.1-3.124 245.9 9.372 233.4C21.87 220.9 42.13 220.9 54.63 233.4L159.1 338.7L393.4 105.4C405.9 92.88 426.1 92.88 438.6 105.4H438.6z\"><\/path><\/svg><\/span><span class=\"uagb-icon-list__label\">Optimization recommendations<\/span><\/div>\n<\/div><\/div>\n<\/div>\n<\/div>\n\n\n\n<div class=\"wp-block-uagb-container uagb-block-9751dabe\">\n<div class=\"wp-block-uagb-container uag-blocks-common-selector uagb-block-effa430d\">\n<div class=\"wp-block-uagb-advanced-heading uagb-block-b42dd5c0\"><h2 class=\"uagb-heading-text\">Google Ads training<\/h2><\/div>\n<\/div>\n\n\n\n<div class=\"wp-block-uagb-container uag-blocks-common-selector uagb-block-1b1dba9c\">\n<div class=\"wp-block-uagb-icon-list uagb-block-5df0a242\"><div class=\"uagb-icon-list__wrap\">\n<div class=\"wp-block-uagb-icon-list-child uagb-block-590d607d\"><span class=\"uagb-icon-list__source-wrap\"><svg xmlns=\"https:\/\/www.w3.org\/2000\/svg\" viewbox=\"0 0 448 512\"><path d=\"M438.6 105.4C451.1 117.9 451.1 138.1 438.6 150.6L182.6 406.6C170.1 419.1 149.9 419.1 137.4 406.6L9.372 278.6C-3.124 266.1-3.124 245.9 9.372 233.4C21.87 220.9 42.13 220.9 54.63 233.4L159.1 338.7L393.4 105.4C405.9 92.88 426.1 92.88 438.6 105.4H438.6z\"><\/path><\/svg><\/span><span class=\"uagb-icon-list__label\">Personalized sessions<\/span><\/div>\n\n\n\n<div class=\"wp-block-uagb-icon-list-child uagb-block-d183c262\"><span class=\"uagb-icon-list__source-wrap\"><svg xmlns=\"https:\/\/www.w3.org\/2000\/svg\" viewbox=\"0 0 448 512\"><path d=\"M438.6 105.4C451.1 117.9 451.1 138.1 438.6 150.6L182.6 406.6C170.1 419.1 149.9 419.1 137.4 406.6L9.372 278.6C-3.124 266.1-3.124 245.9 9.372 233.4C21.87 220.9 42.13 220.9 54.63 233.4L159.1 338.7L393.4 105.4C405.9 92.88 426.1 92.88 438.6 105.4H438.6z\"><\/path><\/svg><\/span><span class=\"uagb-icon-list__label\">Independence in managing your Google account and campaigns<\/span><\/div>\n<\/div><\/div>\n<\/div>\n<\/div>\n<\/div><\/div>\n<\/div><\/div>\n<\/div><\/div>\n\n\n\n<div class=\"wp-block-uagb-container cta-bottom uagb-block-470b36bd alignfull uagb-is-root-container\"><div class=\"uagb-container-inner-blocks-wrap\">\n<div class=\"wp-block-uagb-image uagb-block-b4463156 wp-block-uagb-image--layout-default wp-block-uagb-image--effect-static wp-block-uagb-image--align-none cta-bg-img\"><figure class=\"wp-block-uagb-image__figure\"><img decoding=\"async\" srcset=\"https:\/\/mdsherpa.ch\/wp-content\/uploads\/2023\/03\/Background-MDSherpaRve4rse.png ,https:\/\/mdsherpa.ch\/wp-content\/uploads\/2023\/03\/Background-MDSherpaRve4rse.png 780w, https:\/\/mdsherpa.ch\/wp-content\/uploads\/2023\/03\/Background-MDSherpaRve4rse-1024x364.png 360w\" sizes=\"auto, (max-width: 480px) 150px\" src=\"https:\/\/mdsherpa.ch\/wp-content\/uploads\/2023\/03\/Background-MDSherpaRve4rse.png\" alt=\"\" class=\"uag-image-29110\" width=\"4000\" height=\"1423\" title=\"Background-MDSherpaRve4rse marketing en ligne r\u00e9f\u00e9rencement moteur de recherche publicit\u00e9 Google SEO SEA SEM Suisse conseil campagnes search display vid\u00e9o shopping youtube dynamic augmenter clic notori\u00e9t\u00e9 Online Werbung Advertising Google Ads Analytics Tag Manager site web fran\u00e7ais deutsch english italiano\" loading=\"lazy\" role=\"img\"\/><\/figure><\/div>\n\n\n\n<div class=\"wp-block-uagb-advanced-heading uagb-block-47c730dd\"><h3 class=\"uagb-heading-text\">Ready to boost your service?<\/h3><\/div>\n\n\n\n<div class=\"wp-block-uagb-advanced-heading uagb-block-b664da71\"><h2 class=\"uagb-heading-text\">Let's work together!<\/h2><\/div>\n\n\n\n<iframe src=\"https:\/\/api.leadconnectorhq.com\/widget\/booking\/RfBEgc9o09zcxByl1d6Q\" style=\"width: 100%;border:none;overflow: hidden;\" scrolling=\"no\" id=\"RfBEgc9o09zcxByl1d6Q_1746788400225\"><\/iframe><br><script src=\"https:\/\/link.msgsndr.com\/js\/form_embed.js\" type=\"text\/javascript\"><\/script>\n<\/div><\/div>","protected":false},"excerpt":{"rendered":"<p>Boostez votre visibilit\u00e9 en ligneavec nos services Google Ads Nous pouvons publier vos annonces en : FR \/ DE \/ IT \/ EN \/&#8230; Premier entretien sans frais et sans engagement 1er mois Cr\u00e9ation Compte Google Ads + Cr\u00e9ation Campagne(s)* Inclus dans chaque prestation Cr\u00e9ation :&nbsp; * une campagne est compos\u00e9e d\u2019annonces publicitaires pour 1 [&hellip;]<\/p>","protected":false},"author":1,"featured_media":29299,"parent":0,"menu_order":0,"comment_status":"closed","ping_status":"closed","template":"","meta":{"_uag_custom_page_level_css":"","footnotes":""},"class_list":["post-28884","page","type-page","status-publish","has-post-thumbnail","hentry"],"yoast_head":"<!-- This site is optimized with the Yoast SEO plugin v25.0 - https:\/\/yoast.com\/wordpress\/plugins\/seo\/ -->\n<title>MD Sherpa - Prestations marketing en ligne<\/title>\n<meta name=\"description\" content=\"Prestations sur mesure pour publier vos annonces en : FR \/ DE \/ EN \/ IT. Premier entretien sans frais et sans engagement.\" \/>\n<meta name=\"robots\" content=\"index, follow, max-snippet:-1, max-image-preview:large, max-video-preview:-1\" \/>\n<link rel=\"canonical\" href=\"https:\/\/mdsherpa.ch\/en\/prestations-marketing-en-ligne\/\" \/>\n<meta property=\"og:locale\" content=\"en_US\" \/>\n<meta property=\"og:type\" content=\"article\" \/>\n<meta property=\"og:title\" content=\"MD Sherpa - Prestations marketing en ligne\" \/>\n<meta property=\"og:description\" content=\"Prestations sur mesure pour publier vos annonces en : FR \/ DE \/ EN \/ IT. Premier entretien sans frais et sans engagement.\" \/>\n<meta property=\"og:url\" content=\"https:\/\/mdsherpa.ch\/en\/prestations-marketing-en-ligne\/\" \/>\n<meta property=\"og:site_name\" content=\"MD Sherpa\" \/>\n<meta property=\"article:modified_time\" content=\"2026-03-16T16:06:55+00:00\" \/>\n<meta property=\"og:image\" content=\"https:\/\/mdsherpa.ch\/wp-content\/uploads\/2023\/03\/Logo-MDSherpa-Print2-scaled.jpg\" \/>\n\t<meta property=\"og:image:width\" content=\"2560\" \/>\n\t<meta property=\"og:image:height\" content=\"1725\" \/>\n\t<meta property=\"og:image:type\" content=\"image\/jpeg\" \/>\n<meta name=\"twitter:card\" content=\"summary_large_image\" \/>\n<meta name=\"twitter:label1\" content=\"Est. reading time\" \/>\n\t<meta name=\"twitter:data1\" content=\"3 minutes\" \/>\n<script type=\"application\/ld+json\" class=\"yoast-schema-graph\">{\"@context\":\"https:\/\/schema.org\",\"@graph\":[{\"@type\":\"WebPage\",\"@id\":\"https:\/\/mdsherpa.ch\/prestations-marketing-en-ligne\/\",\"url\":\"https:\/\/mdsherpa.ch\/prestations-marketing-en-ligne\/\",\"name\":\"MD Sherpa - Prestations marketing en ligne\",\"isPartOf\":{\"@id\":\"https:\/\/mdsherpa.ch\/#website\"},\"primaryImageOfPage\":{\"@id\":\"https:\/\/mdsherpa.ch\/prestations-marketing-en-ligne\/#primaryimage\"},\"image\":{\"@id\":\"https:\/\/mdsherpa.ch\/prestations-marketing-en-ligne\/#primaryimage\"},\"thumbnailUrl\":\"https:\/\/mdsherpa.ch\/wp-content\/uploads\/2023\/03\/Logo-MDSherpa-Print2-scaled.jpg\",\"datePublished\":\"2023-03-22T21:31:50+00:00\",\"dateModified\":\"2026-03-16T16:06:55+00:00\",\"description\":\"Prestations sur mesure pour publier vos annonces en : FR \/ DE \/ EN \/ IT. Premier entretien sans frais et sans engagement.\",\"breadcrumb\":{\"@id\":\"https:\/\/mdsherpa.ch\/prestations-marketing-en-ligne\/#breadcrumb\"},\"inLanguage\":\"en-US\",\"potentialAction\":[{\"@type\":\"ReadAction\",\"target\":[\"https:\/\/mdsherpa.ch\/prestations-marketing-en-ligne\/\"]}]},{\"@type\":\"ImageObject\",\"inLanguage\":\"en-US\",\"@id\":\"https:\/\/mdsherpa.ch\/prestations-marketing-en-ligne\/#primaryimage\",\"url\":\"https:\/\/mdsherpa.ch\/wp-content\/uploads\/2023\/03\/Logo-MDSherpa-Print2-scaled.jpg\",\"contentUrl\":\"https:\/\/mdsherpa.ch\/wp-content\/uploads\/2023\/03\/Logo-MDSherpa-Print2-scaled.jpg\",\"width\":2560,\"height\":1725},{\"@type\":\"BreadcrumbList\",\"@id\":\"https:\/\/mdsherpa.ch\/prestations-marketing-en-ligne\/#breadcrumb\",\"itemListElement\":[{\"@type\":\"ListItem\",\"position\":1,\"name\":\"Accueil\",\"item\":\"https:\/\/mdsherpa.ch\/\"},{\"@type\":\"ListItem\",\"position\":2,\"name\":\"Prestations\"}]},{\"@type\":\"WebSite\",\"@id\":\"https:\/\/mdsherpa.ch\/#website\",\"url\":\"https:\/\/mdsherpa.ch\/\",\"name\":\"MD Sherpa\",\"description\":\"Le partenaire id\u00e9al pour r\u00e9ussir votre marketing en ligne !\",\"publisher\":{\"@id\":\"https:\/\/mdsherpa.ch\/#organization\"},\"potentialAction\":[{\"@type\":\"SearchAction\",\"target\":{\"@type\":\"EntryPoint\",\"urlTemplate\":\"https:\/\/mdsherpa.ch\/?s={search_term_string}\"},\"query-input\":{\"@type\":\"PropertyValueSpecification\",\"valueRequired\":true,\"valueName\":\"search_term_string\"}}],\"inLanguage\":\"en-US\"},{\"@type\":\"Organization\",\"@id\":\"https:\/\/mdsherpa.ch\/#organization\",\"name\":\"MD Sherpa\",\"url\":\"https:\/\/mdsherpa.ch\/\",\"logo\":{\"@type\":\"ImageObject\",\"inLanguage\":\"en-US\",\"@id\":\"https:\/\/mdsherpa.ch\/#\/schema\/logo\/image\/\",\"url\":\"https:\/\/mdsherpa.ch\/wp-content\/uploads\/2023\/03\/Logo-MDSherpa-Print2-scaled.jpg\",\"contentUrl\":\"https:\/\/mdsherpa.ch\/wp-content\/uploads\/2023\/03\/Logo-MDSherpa-Print2-scaled.jpg\",\"width\":2560,\"height\":1725,\"caption\":\"MD Sherpa\"},\"image\":{\"@id\":\"https:\/\/mdsherpa.ch\/#\/schema\/logo\/image\/\"},\"sameAs\":[\"https:\/\/www.linkedin.com\/company\/md-sherpa\/\"]}]}<\/script>\n<!-- \/ Yoast SEO plugin. -->","yoast_head_json":{"title":"MD Sherpa - Prestations marketing en ligne","description":"Prestations sur mesure pour publier vos annonces en : FR \/ DE \/ EN \/ IT. Premier entretien sans frais et sans engagement.","robots":{"index":"index","follow":"follow","max-snippet":"max-snippet:-1","max-image-preview":"max-image-preview:large","max-video-preview":"max-video-preview:-1"},"canonical":"https:\/\/mdsherpa.ch\/en\/prestations-marketing-en-ligne\/","og_locale":"en_US","og_type":"article","og_title":"MD Sherpa - Prestations marketing en ligne","og_description":"Prestations sur mesure pour publier vos annonces en : FR \/ DE \/ EN \/ IT. Premier entretien sans frais et sans engagement.","og_url":"https:\/\/mdsherpa.ch\/en\/prestations-marketing-en-ligne\/","og_site_name":"MD Sherpa","article_modified_time":"2026-03-16T16:06:55+00:00","og_image":[{"width":2560,"height":1725,"url":"https:\/\/mdsherpa.ch\/wp-content\/uploads\/2023\/03\/Logo-MDSherpa-Print2-scaled.jpg","type":"image\/jpeg"}],"twitter_card":"summary_large_image","twitter_misc":{"Est. reading time":"3 minutes"},"schema":{"@context":"https:\/\/schema.org","@graph":[{"@type":"WebPage","@id":"https:\/\/mdsherpa.ch\/prestations-marketing-en-ligne\/","url":"https:\/\/mdsherpa.ch\/prestations-marketing-en-ligne\/","name":"MD Sherpa - Prestations marketing en ligne","isPartOf":{"@id":"https:\/\/mdsherpa.ch\/#website"},"primaryImageOfPage":{"@id":"https:\/\/mdsherpa.ch\/prestations-marketing-en-ligne\/#primaryimage"},"image":{"@id":"https:\/\/mdsherpa.ch\/prestations-marketing-en-ligne\/#primaryimage"},"thumbnailUrl":"https:\/\/mdsherpa.ch\/wp-content\/uploads\/2023\/03\/Logo-MDSherpa-Print2-scaled.jpg","datePublished":"2023-03-22T21:31:50+00:00","dateModified":"2026-03-16T16:06:55+00:00","description":"Prestations sur mesure pour publier vos annonces en : FR \/ DE \/ EN \/ IT. Premier entretien sans frais et sans engagement.","breadcrumb":{"@id":"https:\/\/mdsherpa.ch\/prestations-marketing-en-ligne\/#breadcrumb"},"inLanguage":"en-US","potentialAction":[{"@type":"ReadAction","target":["https:\/\/mdsherpa.ch\/prestations-marketing-en-ligne\/"]}]},{"@type":"ImageObject","inLanguage":"en-US","@id":"https:\/\/mdsherpa.ch\/prestations-marketing-en-ligne\/#primaryimage","url":"https:\/\/mdsherpa.ch\/wp-content\/uploads\/2023\/03\/Logo-MDSherpa-Print2-scaled.jpg","contentUrl":"https:\/\/mdsherpa.ch\/wp-content\/uploads\/2023\/03\/Logo-MDSherpa-Print2-scaled.jpg","width":2560,"height":1725},{"@type":"BreadcrumbList","@id":"https:\/\/mdsherpa.ch\/prestations-marketing-en-ligne\/#breadcrumb","itemListElement":[{"@type":"ListItem","position":1,"name":"Accueil","item":"https:\/\/mdsherpa.ch\/"},{"@type":"ListItem","position":2,"name":"Prestations"}]},{"@type":"WebSite","@id":"https:\/\/mdsherpa.ch\/#website","url":"https:\/\/mdsherpa.ch\/","name":"MD Sherpa","description":"Le partenaire id\u00e9al pour r\u00e9ussir votre marketing en ligne !","publisher":{"@id":"https:\/\/mdsherpa.ch\/#organization"},"potentialAction":[{"@type":"SearchAction","target":{"@type":"EntryPoint","urlTemplate":"https:\/\/mdsherpa.ch\/?s={search_term_string}"},"query-input":{"@type":"PropertyValueSpecification","valueRequired":true,"valueName":"search_term_string"}}],"inLanguage":"en-US"},{"@type":"Organization","@id":"https:\/\/mdsherpa.ch\/#organization","name":"MD Sherpa","url":"https:\/\/mdsherpa.ch\/","logo":{"@type":"ImageObject","inLanguage":"en-US","@id":"https:\/\/mdsherpa.ch\/#\/schema\/logo\/image\/","url":"https:\/\/mdsherpa.ch\/wp-content\/uploads\/2023\/03\/Logo-MDSherpa-Print2-scaled.jpg","contentUrl":"https:\/\/mdsherpa.ch\/wp-content\/uploads\/2023\/03\/Logo-MDSherpa-Print2-scaled.jpg","width":2560,"height":1725,"caption":"MD Sherpa"},"image":{"@id":"https:\/\/mdsherpa.ch\/#\/schema\/logo\/image\/"},"sameAs":["https:\/\/www.linkedin.com\/company\/md-sherpa\/"]}]}},"uagb_featured_image_src":{"full":["https:\/\/mdsherpa.ch\/wp-content\/uploads\/2023\/03\/Logo-MDSherpa-Print2-scaled.jpg",2560,1725,false],"thumbnail":["https:\/\/mdsherpa.ch\/wp-content\/uploads\/2023\/03\/Logo-MDSherpa-Print2-150x150.jpg",150,150,true],"medium":["https:\/\/mdsherpa.ch\/wp-content\/uploads\/2023\/03\/Logo-MDSherpa-Print2-300x202.jpg",300,202,true],"medium_large":["https:\/\/mdsherpa.ch\/wp-content\/uploads\/2023\/03\/Logo-MDSherpa-Print2-768x517.jpg",768,517,true],"large":["https:\/\/mdsherpa.ch\/wp-content\/uploads\/2023\/03\/Logo-MDSherpa-Print2-1024x690.jpg",1024,690,true],"1536x1536":["https:\/\/mdsherpa.ch\/wp-content\/uploads\/2023\/03\/Logo-MDSherpa-Print2-1536x1035.jpg",1536,1035,true],"2048x2048":["https:\/\/mdsherpa.ch\/wp-content\/uploads\/2023\/03\/Logo-MDSherpa-Print2-2048x1380.jpg",2048,1380,true],"trp-custom-language-flag":["https:\/\/mdsherpa.ch\/wp-content\/uploads\/2023\/03\/Logo-MDSherpa-Print2-18x12.jpg",18,12,true]},"uagb_author_info":{"display_name":"Kreatic","author_link":"https:\/\/mdsherpa.ch\/en\/author\/kreatic\/"},"uagb_comment_info":0,"uagb_excerpt":"Boostez votre visibilit\u00e9 en ligneavec nos services Google Ads Nous pouvons publier vos annonces en : FR \/ DE \/ IT \/ EN \/&#8230; Premier entretien sans frais et sans engagement 1er mois Cr\u00e9ation Compte Google Ads + Cr\u00e9ation Campagne(s)* Inclus dans chaque prestation Cr\u00e9ation :&nbsp; * une campagne est compos\u00e9e d\u2019annonces publicitaires pour 1&hellip;","_links":{"self":[{"href":"https:\/\/mdsherpa.ch\/en\/wp-json\/wp\/v2\/pages\/28884","targetHints":{"allow":["GET"]}}],"collection":[{"href":"https:\/\/mdsherpa.ch\/en\/wp-json\/wp\/v2\/pages"}],"about":[{"href":"https:\/\/mdsherpa.ch\/en\/wp-json\/wp\/v2\/types\/page"}],"author":[{"embeddable":true,"href":"https:\/\/mdsherpa.ch\/en\/wp-json\/wp\/v2\/users\/1"}],"replies":[{"embeddable":true,"href":"https:\/\/mdsherpa.ch\/en\/wp-json\/wp\/v2\/comments?post=28884"}],"version-history":[{"count":292,"href":"https:\/\/mdsherpa.ch\/en\/wp-json\/wp\/v2\/pages\/28884\/revisions"}],"predecessor-version":[{"id":30987,"href":"https:\/\/mdsherpa.ch\/en\/wp-json\/wp\/v2\/pages\/28884\/revisions\/30987"}],"wp:featuredmedia":[{"embeddable":true,"href":"https:\/\/mdsherpa.ch\/en\/wp-json\/wp\/v2\/media\/29299"}],"wp:attachment":[{"href":"https:\/\/mdsherpa.ch\/en\/wp-json\/wp\/v2\/media?parent=28884"}],"curies":[{"name":"wp","href":"https:\/\/api.w.org\/{rel}","templated":true}]}}